{"id":40,"date":"2021-11-29T08:52:52","date_gmt":"2021-11-29T08:52:52","guid":{"rendered":"https:\/\/metalurgicaalem.com.ar\/?page_id=40"},"modified":"2022-01-12T08:15:38","modified_gmt":"2022-01-12T08:15:38","slug":"nuestra-historia","status":"publish","type":"page","link":"https:\/\/metalurgicaalem.com.ar\/","title":{"rendered":"Nuestra Historia"},"content":{"rendered":"\n<blockquote class=\"wp-block-quote is-layout-flow wp-block-quote-is-layout-flow\"><p><strong><em>\u201cLA VIDA DE EMPRESA NO DEBE HACERNOS OLVIDAR QUI\u00c9NES SOMOS, DE D\u00d3NDE VENIMOS Y QU\u00c9 HACEMOS EN EL MUNDO.\u201d<\/em><\/strong><\/p><cite><strong>Luis Gerardo G\u00fcnther<\/strong><br>Metal\u00fargica Alem S.R.L.<\/cite><\/blockquote>\n\n\n\n<p><\/p>\n\n\n\n<p class=\"has-large-font-size\">Los Or\u00edgenes<\/p>\n\n\n\n<p>Metal\u00fargica Alem es una empresa argentina dedicada a las necesidades de los transportistas con m\u00e1s de 45 a\u00f1os de experiencia en el rubro metal\u00fargico fabricando Acoplados, Semirremolques y Carrocer\u00edas, productos de calidad.<\/p>\n\n\n\n<p>Con la intenci\u00f3n de seguir acompa\u00f1ando las crecientes exigencias del empresario transportista, Metal\u00fargica Alem se ha ido transformando en una de las empresas de mayor desarrollo tecnol\u00f3gico del sector.<\/p>\n\n\n\n<p>La optimizaci\u00f3n de los procesos de fabricaci\u00f3n y la calidad de los productos sigue siendo el principal objetivo, innov\u00e1ndose continuamente, fortaleciendo as\u00ed el liderazgo de la empresa.<\/p>\n\n\n\n<p>Metal\u00fargica Alem es fundada en el a\u00f1o 1974 como f\u00e1brica de carrocer\u00edas para camiones, despu\u00e9s de un viaje que el Sr. Luis G\u00fcnther realizara a la ciudad santafecina de Rosario para subsanar un siniestro que hab\u00eda sufrido uno de los acoplados de la empresa transportista de su padre.<\/p>\n\n\n\n<p>En 1978 surge la Sociedad de Responsabilidad Limitada, conformada por Luis G\u00fcnther y su esposa Margarita Bruksch, logrando su re ubicaci\u00f3n y espacio propio en la direcci\u00f3n Ruta 4 y Av. Kords, hasta hoy en d\u00eda.<\/p>\n\n\n\n<p>Los progresos empresariales fueron creciendo de forma positiva y normal, teniendo alta demanda algunos a\u00f1os y poca en otros debido a la inestabilidad econ\u00f3mica del pa\u00eds. Sin embargo, esto no los debilit\u00f3 y siguieron adelante con sus proyectos.<\/p>\n\n\n\n<p>La cartera de clientes se extiende a varias provincias argentinas como Corrientes, Chaco, Formosa, Entre R\u00edos, Buenos Aires y la gran mayor\u00eda en Misiones.<\/p>\n\n\n\n<p><em>\u201cNo estamos fabricando cantidad, sino que hacemos hincapi\u00e9 en la calidad de nuestros productos. Somos la primera f\u00e1brica integral del Nordeste Argentino de acoplados y semirremolques con calidad respaldada por transportistas l\u00edderes de las rutas argentinas\u201d.<\/em><\/p>\n\n\n\n<p>En el a\u00f1o 2009 cuando la empresa cumple 35 a\u00f1os se presenta en sociedad una nueva unidad realizada \u00edntegramente en acero con muy buena aceptaci\u00f3n en el mercado.<\/p>\n\n\n\n<p><em>\u201cEl acero tiene ventajas importantes como menor peso y mayor resistencia, dando al transportista m\u00e1s rentabilidad y optimizaci\u00f3n de sus servicios; con esto le estamos dando la posibilidad de transportar m\u00e1s producto con menos tara, lo que es muy significativo\u201d.<\/em><\/p>\n\n\n\n<p>Esta empresa presenta una trayectoria n\u00edtida y es reconocida regionalmente por la calidad de sus trabajos y por la responsabilidad de sus recursos humanos, comercializando unidades a nivel nacional e internacional.<\/p>\n\n\n\n<p class=\"has-large-font-size\"><\/p>\n","protected":false},"excerpt":{"rendered":"<p>\u201cLA VIDA DE EMPRESA NO DEBE HACERNOS OLVIDAR QUI\u00c9NES SOMOS, DE D\u00d3NDE VENIMOS Y QU\u00c9 HACEMOS EN EL MUNDO.\u201d Luis Gerardo G\u00fcntherMetal\u00fargica Alem S.R.L. Los Or\u00edgenes Metal\u00fargica Alem es una empresa argentina dedicada a las necesidades de los transportistas con m\u00e1s de 45 a\u00f1os de experiencia en el rubro metal\u00fargico fabricando Acoplados, Semirremolques y Carrocer\u00edas, &hellip; <\/p>\n<p class=\"link-more\"><a href=\"https:\/\/metalurgicaalem.com.ar\/\" class=\"more-link\">Leer m\u00e1s<span class=\"screen-reader-text\"> \u00abNuestra Historia\u00bb<\/span><\/a><\/p>\n","protected":false},"author":1,"featured_media":0,"parent":0,"menu_order":0,"comment_status":"closed","ping_status":"closed","template":"","meta":{"footnotes":""},"_links":{"self":[{"href":"https:\/\/metalurgicaalem.com.ar\/index.php?rest_route=\/wp\/v2\/pages\/40"}],"collection":[{"href":"https:\/\/metalurgicaalem.com.ar\/index.php?rest_route=\/wp\/v2\/pages"}],"about":[{"href":"https:\/\/metalurgicaalem.com.ar\/index.php?rest_route=\/wp\/v2\/types\/page"}],"author":[{"embeddable":true,"href":"https:\/\/metalurgicaalem.com.ar\/index.php?rest_route=\/wp\/v2\/users\/1"}],"replies":[{"embeddable":true,"href":"https:\/\/metalurgicaalem.com.ar\/index.php?rest_route=%2Fwp%2Fv2%2Fcomments&post=40"}],"version-history":[{"count":4,"href":"https:\/\/metalurgicaalem.com.ar\/index.php?rest_route=\/wp\/v2\/pages\/40\/revisions"}],"predecessor-version":[{"id":127,"href":"https:\/\/metalurgicaalem.com.ar\/index.php?rest_route=\/wp\/v2\/pages\/40\/revisions\/127"}],"wp:attachment":[{"href":"https:\/\/metalurgicaalem.com.ar\/index.php?rest_route=%2Fwp%2Fv2%2Fmedia&parent=40"}],"curies":[{"name":"wp","href":"https:\/\/api.w.org\/{rel}","templated":true}]}}